{"id":70,"date":"2012-10-18T16:38:48","date_gmt":"2012-10-18T16:38:48","guid":{"rendered":"http:\/\/www.my-entspannung.de\/wordpress\/?page_id=70"},"modified":"2015-12-26T12:22:25","modified_gmt":"2015-12-26T12:22:25","slug":"kursangebot","status":"publish","type":"page","link":"https:\/\/www.my-entspannung.de\/?page_id=70","title":{"rendered":"Kursangebot"},"content":{"rendered":"<p style=\"text-align: justify;\">Hier erhalten Sie einen kurzen \u00dcberblick \u00fcber die angebotenen Kurse und Leistungen. W\u00e4hlen Sie links die verschiedenen Kurse an, um weitere Informationen zu den jeweiligen Kursen zu erhalten.<br \/>\nNutzen Sie die M\u00f6glichkeit, die angebotenen Kurse in einer Schnupperstunde zu testen!<br \/>\nFragen Sie einfach kurz an.<\/p>\n","protected":false},"excerpt":{"rendered":"<p>Hier erhalten Sie einen kurzen \u00dcberblick \u00fcber die angebotenen Kurse und Leistungen. W\u00e4hlen Sie links die verschiedenen Kurse an, um weitere Informationen zu den jeweiligen Kursen zu erhalten. Nutzen Sie die M\u00f6glichkeit, die angebotenen Kurse in einer Schnupperstunde zu testen! &hellip; <a href=\"https:\/\/www.my-entspannung.de\/?page_id=70\">Weiterlesen <span class=\"meta-nav\">&rarr;<\/span><\/a><\/p>\n","protected":false},"author":1,"featured_media":0,"parent":0,"menu_order":0,"comment_status":"closed","ping_status":"closed","template":"sidebar-page.php","meta":{"footnotes":""},"class_list":["post-70","page","type-page","status-publish","hentry"],"aioseo_notices":[],"_links":{"self":[{"href":"https:\/\/www.my-entspannung.de\/index.php?rest_route=\/wp\/v2\/pages\/70","targetHints":{"allow":["GET"]}}],"collection":[{"href":"https:\/\/www.my-entspannung.de\/index.php?rest_route=\/wp\/v2\/pages"}],"about":[{"href":"https:\/\/www.my-entspannung.de\/index.php?rest_route=\/wp\/v2\/types\/page"}],"author":[{"embeddable":true,"href":"https:\/\/www.my-entspannung.de\/index.php?rest_route=\/wp\/v2\/users\/1"}],"replies":[{"embeddable":true,"href":"https:\/\/www.my-entspannung.de\/index.php?rest_route=%2Fwp%2Fv2%2Fcomments&post=70"}],"version-history":[{"count":16,"href":"https:\/\/www.my-entspannung.de\/index.php?rest_route=\/wp\/v2\/pages\/70\/revisions"}],"predecessor-version":[{"id":276,"href":"https:\/\/www.my-entspannung.de\/index.php?rest_route=\/wp\/v2\/pages\/70\/revisions\/276"}],"wp:attachment":[{"href":"https:\/\/www.my-entspannung.de\/index.php?rest_route=%2Fwp%2Fv2%2Fmedia&parent=70"}],"curies":[{"name":"wp","href":"https:\/\/api.w.org\/{rel}","templated":true}]}}