{"id":57,"date":"2012-10-18T16:23:52","date_gmt":"2012-10-18T16:23:52","guid":{"rendered":"http:\/\/www.my-entspannung.de\/wordpress\/?page_id=57"},"modified":"2012-11-14T19:03:11","modified_gmt":"2012-11-14T19:03:11","slug":"impressum","status":"publish","type":"page","link":"https:\/\/www.my-entspannung.de\/?page_id=57","title":{"rendered":"Impressum"},"content":{"rendered":"<p>Maritta Merz-Brodbeck<br \/>\nAm Borrenbach 18<br \/>\n72406 Bisingen<\/p>\n<p>Telefon: 07476\/439554<br \/>\nE-Mail: info@my-entspannung.de<br \/>\nInternet: www.my-entspannung.de<\/p>\n<p>Inhaltlich Verantwortlicher gem\u00e4\u00df \u00a7 55 Abs. 2 RStV:\u00a0 Maritta Merz-Brodbeck.<\/p>\n<p>Alle Rechte vorbehalten. Die Informationen auf dieser Website stellen die zum Zeitpunkt der Ver\u00f6ffentlichung jeweils neuesten Informationen dar. Eine Haftung oder Garantie f\u00fcr die Aktualit\u00e4t, Richtigkeit und Vollst\u00e4ndigkeit der zur Verf\u00fcgung gestellten Informationen und Daten ist ausgeschlossen. Dies gilt ebenso f\u00fcr alle anderen Websites, auf die mittels eines Hyperlinks verwiesen wird. F\u00fcr den Inhalt solcher Sites ist\u00a0Entspannungsp\u00e4dagogin Maritta Merz-Brodbeck ebenfalls nicht verantwortlich. Aus den hier beschriebenen Themenbereichen k\u00f6nnen keine Rechtsanspr\u00fcche abgeleitet werden. Angebote sind in allen Teilen unverbindlich.<br \/>\nDie Entspannungsp\u00e4dagogin Maritta Merz-Brodbeck haftet weder f\u00fcr direkte noch indirekte Sch\u00e4den, die durch die Nutzung der Informationen oder Daten entstehen, die auf dieser Website zu finden sind. Rechte und Pflichten zwischen\u00a0Entspannungsp\u00e4dagogin Maritta Merz-Brodbeck und dem Nutzer der Website oder Dritten bestehen nicht.<br \/>\nDie Inhalte der Website\u00a0Entspannungsp\u00e4dagogin Maritta Merz-Brodbeck sind urheberrechtlich gesch\u00fctzt. Die Inhalte d\u00fcrfen weder ganz noch teilweise ohne vorherige schriftliche Genehmigung des Urhebers vervielf\u00e4ltigt und\/ oder ver\u00f6ffentlicht oder in einem Informationssystem gespeichert werden.<\/p>\n<p><strong>Datenschutzerkl\u00e4rung<\/strong><\/p>\n<p>Die Entspannungsp\u00e4dagogin Maritta Merz-Brodbeck nimmt den Schutz Ihrer pers\u00f6nlichen Daten sehr ernst und h\u00e4lt sich strikt an die Regeln der Datenschutzgesetze. Personenbezogene Daten werden auf dieser Webseite werden nur im technisch notwendigen Umfang erhoben. In keinem Fall werden die erhobenen Daten verkauft oder aus anderen Gr\u00fcnden an Dritte weitergegeben.<br \/>\nDie nachfolgende Erkl\u00e4rung gibt Ihnen einen \u00dcberblick dar\u00fcber, wie ich diesen Schutz gew\u00e4hrleiste und welche Art von Daten zu welchem Zweck erhoben werden.<\/p>\n<p>Datenverarbeitung auf dieser Internetseite<br \/>\nDie\u00a0Entspannungsp\u00e4dagogin Maritta Merz-Brodbeck erhebt und speichert automatisch in ihren Server Log Files Informationen, die Ihr Browser an uns \u00fcbermittelt. Dies sind:<\/p>\n<ul>\n<li>Browsertyp\/ -version<\/li>\n<li>verwendetes Betriebssystem<\/li>\n<li>Referrer URL (die zuvor besuchte Seite)<\/li>\n<li>Hostname des zugreifenden Rechners (IP Adresse)<\/li>\n<li>Uhrzeit der Serveranfrage<\/li>\n<\/ul>\n<p>Diese Daten sind f\u00fcr die\u00a0Entspannungsp\u00e4dagogin Maritta Merz-Brodbeck nicht bestimmten Personen zuordenbar. Eine Zusammenf\u00fchrung dieser Daten mit anderen Datenquellen wird nicht vorgenommen, die Daten werden zudem nach einer statistischen Auswertung gel\u00f6scht.<\/p>\n<p>Cookies<br \/>\nDie Internetseiten verwenden an einigen Stellen so genannte Cookies. Sie dienen dazu, mein Angebot nutzerfreundlicher, effektiver und sicherer zu machen. Cookies sind kleine Textdateien, die auf Ihrem Rechner abgelegt werden und die Ihr Browser speichert. Die meisten der von mir verwendeten Cookies sind so genannte \u201eSession-Cookies\u201c. Sie werden nach Ende Ihres Besuchs automatisch gel\u00f6scht. Cookies richten auf Ihrem Rechner keinen Schaden an und enthalten keine Viren.<\/p>\n<p>Auskunftsrecht<br \/>\nSie haben jederzeit das Recht auf Auskunft \u00fcber die bez\u00fcglich Ihrer Person gespeicherten Daten, deren Herkunft und Empf\u00e4nger sowie den Zweck der Datenverarbeitung.<\/p>\n<p>&nbsp;<\/p>\n","protected":false},"excerpt":{"rendered":"<p>Maritta Merz-Brodbeck Am Borrenbach 18 72406 Bisingen Telefon: 07476\/439554 E-Mail: info@my-entspannung.de Internet: www.my-entspannung.de Inhaltlich Verantwortlicher gem\u00e4\u00df \u00a7 55 Abs. 2 RStV:\u00a0 Maritta Merz-Brodbeck. Alle Rechte vorbehalten. Die Informationen auf dieser Website stellen die zum Zeitpunkt der Ver\u00f6ffentlichung jeweils neuesten Informationen &hellip; <a href=\"https:\/\/www.my-entspannung.de\/?page_id=57\">Weiterlesen <span class=\"meta-nav\">&rarr;<\/span><\/a><\/p>\n","protected":false},"author":1,"featured_media":0,"parent":0,"menu_order":0,"comment_status":"closed","ping_status":"closed","template":"","meta":{"footnotes":""},"class_list":["post-57","page","type-page","status-publish","hentry"],"aioseo_notices":[],"_links":{"self":[{"href":"https:\/\/www.my-entspannung.de\/index.php?rest_route=\/wp\/v2\/pages\/57","targetHints":{"allow":["GET"]}}],"collection":[{"href":"https:\/\/www.my-entspannung.de\/index.php?rest_route=\/wp\/v2\/pages"}],"about":[{"href":"https:\/\/www.my-entspannung.de\/index.php?rest_route=\/wp\/v2\/types\/page"}],"author":[{"embeddable":true,"href":"https:\/\/www.my-entspannung.de\/index.php?rest_route=\/wp\/v2\/users\/1"}],"replies":[{"embeddable":true,"href":"https:\/\/www.my-entspannung.de\/index.php?rest_route=%2Fwp%2Fv2%2Fcomments&post=57"}],"version-history":[{"count":7,"href":"https:\/\/www.my-entspannung.de\/index.php?rest_route=\/wp\/v2\/pages\/57\/revisions"}],"predecessor-version":[{"id":59,"href":"https:\/\/www.my-entspannung.de\/index.php?rest_route=\/wp\/v2\/pages\/57\/revisions\/59"}],"wp:attachment":[{"href":"https:\/\/www.my-entspannung.de\/index.php?rest_route=%2Fwp%2Fv2%2Fmedia&parent=57"}],"curies":[{"name":"wp","href":"https:\/\/api.w.org\/{rel}","templated":true}]}}