{"id":22,"date":"2012-10-13T10:36:48","date_gmt":"2012-10-13T10:36:48","guid":{"rendered":"http:\/\/www.my-entspannung.de\/wordpress\/?page_id=22"},"modified":"2020-11-22T13:38:59","modified_gmt":"2020-11-22T13:38:59","slug":"uber-mich","status":"publish","type":"page","link":"https:\/\/www.my-entspannung.de\/?page_id=22","title":{"rendered":"\u00dcber mich"},"content":{"rendered":"<p><a href=\"https:\/\/www.my-entspannung.de\/wordpress\/wp-content\/uploads\/2020\/11\/Passbild_2020.jpg\"><img loading=\"lazy\" decoding=\"async\" class=\"alignright wp-image-661 size-medium\" title=\"Maritta\" src=\"https:\/\/www.my-entspannung.de\/wordpress\/wp-content\/uploads\/2020\/11\/Passbild_2020-215x300.jpg\" alt=\"\" width=\"215\" height=\"300\" srcset=\"https:\/\/www.my-entspannung.de\/wordpress\/wp-content\/uploads\/2020\/11\/Passbild_2020-215x300.jpg 215w, https:\/\/www.my-entspannung.de\/wordpress\/wp-content\/uploads\/2020\/11\/Passbild_2020.jpg 735w\" sizes=\"auto, (max-width: 215px) 100vw, 215px\" \/><\/a><\/p>\n<p><span style=\"text-decoration: underline;\">Entspannungsp\u00e4dagogin<br \/>\n<\/span><span style=\"text-decoration: underline;\">Maritta Merz-Brodbeck<\/span><\/p>\n<p>geboren\u00a0in N\u00fcrtingen<br \/>\nwohnhaft in Bisingen<\/p>\n<p>Entspannungsp\u00e4dagogin<br \/>\nSeminarleiterin f\u00fcr progressive Muskelentspannung und autogenes Training<br \/>\n\u00dcbungsleiterin der orthop\u00e4dischen Knieschule<br \/>\n\u00dcbungsleiterin der Sturzprophylaxe<br \/>\nFortbildung in der Spiraldynamik<\/p>\n<p>&nbsp;<\/p>\n","protected":false},"excerpt":{"rendered":"<p>Entspannungsp\u00e4dagogin Maritta Merz-Brodbeck geboren\u00a0in N\u00fcrtingen wohnhaft in Bisingen Entspannungsp\u00e4dagogin Seminarleiterin f\u00fcr progressive Muskelentspannung und autogenes Training \u00dcbungsleiterin der orthop\u00e4dischen Knieschule \u00dcbungsleiterin der Sturzprophylaxe Fortbildung in der Spiraldynamik &nbsp;<\/p>\n","protected":false},"author":1,"featured_media":0,"parent":0,"menu_order":0,"comment_status":"closed","ping_status":"closed","template":"showcase.php","meta":{"footnotes":""},"class_list":["post-22","page","type-page","status-publish","hentry"],"aioseo_notices":[],"_links":{"self":[{"href":"https:\/\/www.my-entspannung.de\/index.php?rest_route=\/wp\/v2\/pages\/22","targetHints":{"allow":["GET"]}}],"collection":[{"href":"https:\/\/www.my-entspannung.de\/index.php?rest_route=\/wp\/v2\/pages"}],"about":[{"href":"https:\/\/www.my-entspannung.de\/index.php?rest_route=\/wp\/v2\/types\/page"}],"author":[{"embeddable":true,"href":"https:\/\/www.my-entspannung.de\/index.php?rest_route=\/wp\/v2\/users\/1"}],"replies":[{"embeddable":true,"href":"https:\/\/www.my-entspannung.de\/index.php?rest_route=%2Fwp%2Fv2%2Fcomments&post=22"}],"version-history":[{"count":26,"href":"https:\/\/www.my-entspannung.de\/index.php?rest_route=\/wp\/v2\/pages\/22\/revisions"}],"predecessor-version":[{"id":662,"href":"https:\/\/www.my-entspannung.de\/index.php?rest_route=\/wp\/v2\/pages\/22\/revisions\/662"}],"wp:attachment":[{"href":"https:\/\/www.my-entspannung.de\/index.php?rest_route=%2Fwp%2Fv2%2Fmedia&parent=22"}],"curies":[{"name":"wp","href":"https:\/\/api.w.org\/{rel}","templated":true}]}}