{"id":2,"date":"2012-10-10T16:24:16","date_gmt":"2012-10-10T16:24:16","guid":{"rendered":"http:\/\/www.my-entspannung.de\/wordpress\/?page_id=2"},"modified":"2025-10-01T16:25:40","modified_gmt":"2025-10-01T16:25:40","slug":"sample-page","status":"publish","type":"page","link":"https:\/\/www.my-entspannung.de\/","title":{"rendered":"my-entspannung.de"},"content":{"rendered":"\n<p><span style=\"color: #a4d061;\"><strong>Willkommen bei my-entspannung.de<\/strong><\/span><\/p>\n\n\n\n<p><\/p>\n\n\n\n<p><span style=\"color: #a4d061;\">Schenken Sie das <span style=\"color: #ff0000;\">wertvollste<\/span> &#8211; ZEIT !<\/span><\/p>\n\n\n\n<p><span style=\"color: #a4d061;\"> In Form eines Gutscheines zur Entspannungsstunde Ihrer Wahl &#8211; die \u00dcbersicht der Kursangebote finden Sie <span style=\"text-decoration: underline; color: #ff0000;\"><a style=\"color: #ff0000; text-decoration: underline;\" href=\"https:\/\/www.my-entspannung.de\/?page_id=70\">hier<\/a><\/span><br><\/span><\/p>\n\n\n\n<p>Sch\u00f6n, dass Sie sich f\u00fcr Entspannung interessieren &#8211; ein wichtiges Thema!<br>Unter Druck st\u00fcrzt das Denken &#8211; Handeln in den Keller! Dann ist es gut, wenn man Entspannungstechniken zur Verf\u00fcgung hat, um wieder zur inneren Ruhe zu gelangen.&nbsp;&nbsp;&nbsp; Zu den verschiedenen Entspannungstechniken biete ich Ihnen einen fachkundigen Zugang.<br>Informationen zu den verschiedenen Angeboten in Balingen finden Sie auf diesen Seiten.<\/p>\n\n\n\n<p>F\u00fcr Unternehmen biete ich auf die jeweiligen Bed\u00fcrfnisse zugeschnittene Kurse an, z. B. f\u00fcr die betriebliche Gesundheitsf\u00f6rderung oder die F\u00f6rderung Ihrer Heimbewohner &#8211; fragen Sie einfach an!<\/p>\n\n\n\n<p>Ich freue mich auf Sie!<\/p>\n\n\n\n<p>Maritta Merz-Brodbeck<\/p>\n\n\n\n<h1 class=\"wp-block-heading\"><span style=\"color: #a4d061;\">&nbsp;<\/span><\/h1>\n","protected":false},"excerpt":{"rendered":"<p>Willkommen bei my-entspannung.de Schenken Sie das wertvollste &#8211; ZEIT ! In Form eines Gutscheines zur Entspannungsstunde Ihrer Wahl &#8211; die \u00dcbersicht der Kursangebote finden Sie hier Sch\u00f6n, dass Sie sich f\u00fcr Entspannung interessieren &#8211; ein wichtiges Thema!Unter Druck st\u00fcrzt das &hellip; <a href=\"https:\/\/www.my-entspannung.de\/\">Weiterlesen <span class=\"meta-nav\">&rarr;<\/span><\/a><\/p>\n","protected":false},"author":1,"featured_media":0,"parent":0,"menu_order":0,"comment_status":"closed","ping_status":"open","template":"showcase.php","meta":{"footnotes":""},"class_list":["post-2","page","type-page","status-publish","hentry"],"aioseo_notices":[],"_links":{"self":[{"href":"https:\/\/www.my-entspannung.de\/index.php?rest_route=\/wp\/v2\/pages\/2","targetHints":{"allow":["GET"]}}],"collection":[{"href":"https:\/\/www.my-entspannung.de\/index.php?rest_route=\/wp\/v2\/pages"}],"about":[{"href":"https:\/\/www.my-entspannung.de\/index.php?rest_route=\/wp\/v2\/types\/page"}],"author":[{"embeddable":true,"href":"https:\/\/www.my-entspannung.de\/index.php?rest_route=\/wp\/v2\/users\/1"}],"replies":[{"embeddable":true,"href":"https:\/\/www.my-entspannung.de\/index.php?rest_route=%2Fwp%2Fv2%2Fcomments&post=2"}],"version-history":[{"count":167,"href":"https:\/\/www.my-entspannung.de\/index.php?rest_route=\/wp\/v2\/pages\/2\/revisions"}],"predecessor-version":[{"id":769,"href":"https:\/\/www.my-entspannung.de\/index.php?rest_route=\/wp\/v2\/pages\/2\/revisions\/769"}],"wp:attachment":[{"href":"https:\/\/www.my-entspannung.de\/index.php?rest_route=%2Fwp%2Fv2%2Fmedia&parent=2"}],"curies":[{"name":"wp","href":"https:\/\/api.w.org\/{rel}","templated":true}]}}