{"id":186,"date":"2012-10-21T10:19:52","date_gmt":"2012-10-21T10:19:52","guid":{"rendered":"http:\/\/www.my-entspannung.de\/wordpress\/?page_id=186"},"modified":"2012-12-27T15:44:37","modified_gmt":"2012-12-27T15:44:37","slug":"angebote-fur-unternehmen","status":"publish","type":"page","link":"https:\/\/www.my-entspannung.de\/?page_id=186","title":{"rendered":"Angebote f\u00fcr Unternehmen"},"content":{"rendered":"<p style=\"text-align: justify;\">Gemeinsam mit Ihnen m\u00f6chte ich mich um das Wohlergehen Ihrer Kunden oder Ihrer Belegschaft bem\u00fchen und aktiv werden.<br \/>\nGerne komme ich in Ihre Institution, um Sie \u00fcber Entspannung und M\u00f6glichkeiten von Stressbew\u00e4ltigung zu informieren und \/ oder vor Ort Entspannungskurse sowie gymnastische Entspannungskurse f\u00fcr Nacken und Knie anzubieten. Dabei richte ich mich nach Ihren individuellen Bed\u00fcrfnissen und M\u00f6glichkeiten. Die angebotenen Kurse k\u00f6nnen zu festen w\u00f6chentlichen Terminen oder nach Absprache in Ihren R\u00e4umlichkeiten abgehalten werden, damit f\u00fcr Sie kein Mehraufwand entsteht.<br \/>\n<a title=\"Termine und Preise\" href=\"https:\/\/www.my-entspannung.de\/?page_id=167\">Termine und Preise<\/a> finden Sie hier, oder Anfragen \u00fcber <a title=\"Kontakt\" href=\"https:\/\/www.my-entspannung.de\/?page_id=27\">Kontakt<\/a>.<\/p>\n<p>Entspannungskurse f\u00fcr Nacken &amp; Knie mit Elementen der Spiraldynamik.<\/p>\n<p><span style=\"text-decoration: underline;\">Speziell f\u00fcr Seniorenheime:<\/span><br \/>\nAls freie Dozentin kann ich f\u00fcr Sie zur Entlastung Ihrer Pflegekr\u00e4fte die Bereiche der<br \/>\nSturzprophylaxe sowie s\u00e4mtliche angebotenen Entspannungstechniken abdecken.<\/p>\n","protected":false},"excerpt":{"rendered":"<p>Gemeinsam mit Ihnen m\u00f6chte ich mich um das Wohlergehen Ihrer Kunden oder Ihrer Belegschaft bem\u00fchen und aktiv werden. Gerne komme ich in Ihre Institution, um Sie \u00fcber Entspannung und M\u00f6glichkeiten von Stressbew\u00e4ltigung zu informieren und \/ oder vor Ort Entspannungskurse &hellip; <a href=\"https:\/\/www.my-entspannung.de\/?page_id=186\">Weiterlesen <span class=\"meta-nav\">&rarr;<\/span><\/a><\/p>\n","protected":false},"author":1,"featured_media":0,"parent":70,"menu_order":0,"comment_status":"closed","ping_status":"closed","template":"sidebar-page.php","meta":{"footnotes":""},"class_list":["post-186","page","type-page","status-publish","hentry"],"aioseo_notices":[],"_links":{"self":[{"href":"https:\/\/www.my-entspannung.de\/index.php?rest_route=\/wp\/v2\/pages\/186","targetHints":{"allow":["GET"]}}],"collection":[{"href":"https:\/\/www.my-entspannung.de\/index.php?rest_route=\/wp\/v2\/pages"}],"about":[{"href":"https:\/\/www.my-entspannung.de\/index.php?rest_route=\/wp\/v2\/types\/page"}],"author":[{"embeddable":true,"href":"https:\/\/www.my-entspannung.de\/index.php?rest_route=\/wp\/v2\/users\/1"}],"replies":[{"embeddable":true,"href":"https:\/\/www.my-entspannung.de\/index.php?rest_route=%2Fwp%2Fv2%2Fcomments&post=186"}],"version-history":[{"count":17,"href":"https:\/\/www.my-entspannung.de\/index.php?rest_route=\/wp\/v2\/pages\/186\/revisions"}],"predecessor-version":[{"id":324,"href":"https:\/\/www.my-entspannung.de\/index.php?rest_route=\/wp\/v2\/pages\/186\/revisions\/324"}],"up":[{"embeddable":true,"href":"https:\/\/www.my-entspannung.de\/index.php?rest_route=\/wp\/v2\/pages\/70"}],"wp:attachment":[{"href":"https:\/\/www.my-entspannung.de\/index.php?rest_route=%2Fwp%2Fv2%2Fmedia&parent=186"}],"curies":[{"name":"wp","href":"https:\/\/api.w.org\/{rel}","templated":true}]}}