{"id":167,"date":"2012-10-19T17:42:57","date_gmt":"2012-10-19T17:42:57","guid":{"rendered":"http:\/\/www.my-entspannung.de\/wordpress\/?page_id=167"},"modified":"2026-03-17T18:23:27","modified_gmt":"2026-03-17T18:23:27","slug":"termine-und-preise","status":"publish","type":"page","link":"https:\/\/www.my-entspannung.de\/?page_id=167","title":{"rendered":"Termine und Preise"},"content":{"rendered":"\n<div class=\"wp-block-columns is-layout-flex wp-container-core-columns-is-layout-9d6595d7 wp-block-columns-is-layout-flex\">\n<div class=\"wp-block-column is-layout-flow wp-block-column-is-layout-flow\" style=\"flex-basis:100%\">\n<p><em>Aktuelle Kurstermine:<\/em><\/p>\n<p><strong><span style=\"text-decoration: underline;\">Angebot:<\/span><\/strong><\/p>\n<p>10er Block Entspannung, g\u00fcltig f\u00fcr alle Kursangebote.<br \/>Sie k\u00f6nnen die Kurse frei nach Bedarf belegen, Terminabsprache notwendig.<br \/>Gesamtpaket 10 Unterrichtseinheiten \u00e0 60min, gesamt 95 \u20ac\u00a0\u00a0\u00a0\u00a0 (pro Person)<\/p>\n<p><strong><span style=\"text-decoration: underline;\">Entspannungskurse:<\/span><\/strong><\/p>\n<p><span style=\"text-decoration: underline;\"><strong>Flexible Entspannungsstunde<\/strong><\/span><em><span style=\"text-decoration: underline;\"><strong><br \/><\/strong><\/span>Die Art der Entspannungstechnik k\u00f6nnen Sie selbst w\u00e4hlen!<\/em><\/p>\n<p>jeweils montags von 20:00 \u2013 21:00 Uhr, 11\u20ac<\/p>\n<p><span style=\"color: #ff6600;\">13.04.2026, 20.04.2026, 27.04.2026, 20.07.2026, 27.07.2026<br \/><\/span><\/p>\n<p><span style=\"text-decoration: underline;\"><strong>Progressive Muskelentspannung<br \/><\/strong><\/span><\/p>\n<p>jeweils montags von 20:00 \u2013 21:00 Uhr<\/p>\n<p><span style=\"color: #ff6600;\">04.05. &#8211;\u00a0 18.05.2026\u00a0 \u00a0 \u00a0 \u00a0 \u00a0 \u00a03 Unterrichtseinheiten \u00e0 60 min, gesamt 33 \u20ac\u00a0 (pro Person)<br \/>22.06. +\u00a0 29.06.2026\u00a0 \u00a0 \u00a0 \u00a0 \u00a0 \u00a02 Unterrichtseinheiten \u00e0 60 min, gesamt 22\u20ac\u00a0 (pro Person)<br \/><\/span><\/p>\n<p><span style=\"color: #ff6600;\"><br \/><\/span><strong><span style=\"text-decoration: underline;\">Autogenes Training<\/span><\/strong><\/p>\n<p>jeweils montags von 20:00 \u2013 21:00 Uhr<\/p>\n<p><span style=\"color: #e85916;\"><span style=\"color: #ff6600;\">08.06 +\u00a0 15.06.2026\u00a0 \u00a0 \u00a0 \u00a0 \u00a0 \u00a02 Unterrichtseinheiten \u00e0 60 min, gesamt 22 \u20ac\u00a0 (pro Person)<br \/>06.07 +\u00a0 13.07.2026\u00a0 \u00a0 \u00a0 \u00a0 \u00a0 \u00a02 Unterrichtseinheiten \u00e0 60 min, gesamt 22 \u20ac\u00a0 (pro Person)<br \/><\/span><\/span><\/p>\n<p>Termine f\u00fcr Samstags auf Anfrage.<br \/>Samstags 10:00 &#8211; 11:00 Uhr<\/p>\n<p><strong><span style=\"text-decoration: underline;\">Schnupperstunden:<\/span><\/strong><\/p>\n<p>Termine nach Absprache, eine Unterrichtseinheit \u00e0 60min, 7 \u20ac\u00a0\u00a0\u00a0\u00a0\u00a0 (pro Person)<\/p>\n<p><strong><span style=\"text-decoration: underline;\">Einzelstunden:<\/span><\/strong><\/p>\n<p>Wahlweise f\u00fcr autogenes Training oder progressive Muskelentspannung.<br \/>Termine nach Absprache, eine Unterrichtseinheit \u00e0 60min, 15 \u20ac\u00a0\u00a0\u00a0\u00a0 (pro Person)<\/p>\n<p><strong><span style=\"text-decoration: underline;\">Unternehmensangebote:<\/span><\/strong><\/p>\n<p>Eine Unterrichtseinheit\u00a0 \u00e0 60min, pro Person 10 \u20ac, g\u00fcltig f\u00fcr<br \/>Gruppen von mindestens drei Personen bis maximal sechs Personen.<br \/>Gruppenpreise f\u00fcr Gruppen \u00fcber 6 Personen nach Absprache.<br \/>Weitere <a title=\"Angebote f\u00fcr Unternehmen\" href=\"https:\/\/www.my-entspannung.de\/?page_id=186\">Informationen <\/a>und Anmeldung f\u00fcr Unternehmen erhalten sie <a title=\"Kontakt\" href=\"https:\/\/www.my-entspannung.de\/wordpress\/?page_id=27\">hier.<\/a><\/p>\n<\/div>\n<\/div>\n","protected":false},"excerpt":{"rendered":"<p>Aktuelle Kurstermine: Angebot: 10er Block Entspannung, g\u00fcltig f\u00fcr alle Kursangebote.Sie k\u00f6nnen die Kurse frei nach Bedarf belegen, Terminabsprache notwendig.Gesamtpaket 10 Unterrichtseinheiten \u00e0 60min, gesamt 95 \u20ac\u00a0\u00a0\u00a0\u00a0 (pro Person) Entspannungskurse: Flexible EntspannungsstundeDie Art der Entspannungstechnik k\u00f6nnen Sie selbst w\u00e4hlen! jeweils montags &hellip; <a href=\"https:\/\/www.my-entspannung.de\/?page_id=167\">Weiterlesen <span class=\"meta-nav\">&rarr;<\/span><\/a><\/p>\n","protected":false},"author":1,"featured_media":0,"parent":0,"menu_order":0,"comment_status":"closed","ping_status":"closed","template":"","meta":{"footnotes":""},"class_list":["post-167","page","type-page","status-publish","hentry"],"aioseo_notices":[],"_links":{"self":[{"href":"https:\/\/www.my-entspannung.de\/index.php?rest_route=\/wp\/v2\/pages\/167","targetHints":{"allow":["GET"]}}],"collection":[{"href":"https:\/\/www.my-entspannung.de\/index.php?rest_route=\/wp\/v2\/pages"}],"about":[{"href":"https:\/\/www.my-entspannung.de\/index.php?rest_route=\/wp\/v2\/types\/page"}],"author":[{"embeddable":true,"href":"https:\/\/www.my-entspannung.de\/index.php?rest_route=\/wp\/v2\/users\/1"}],"replies":[{"embeddable":true,"href":"https:\/\/www.my-entspannung.de\/index.php?rest_route=%2Fwp%2Fv2%2Fcomments&post=167"}],"version-history":[{"count":184,"href":"https:\/\/www.my-entspannung.de\/index.php?rest_route=\/wp\/v2\/pages\/167\/revisions"}],"predecessor-version":[{"id":787,"href":"https:\/\/www.my-entspannung.de\/index.php?rest_route=\/wp\/v2\/pages\/167\/revisions\/787"}],"wp:attachment":[{"href":"https:\/\/www.my-entspannung.de\/index.php?rest_route=%2Fwp%2Fv2%2Fmedia&parent=167"}],"curies":[{"name":"wp","href":"https:\/\/api.w.org\/{rel}","templated":true}]}}