{"id":104,"date":"2012-10-18T19:32:18","date_gmt":"2012-10-18T19:32:18","guid":{"rendered":"http:\/\/www.my-entspannung.de\/wordpress\/?page_id=104"},"modified":"2015-01-10T14:31:22","modified_gmt":"2015-01-10T14:31:22","slug":"phantasiereisen","status":"publish","type":"page","link":"https:\/\/www.my-entspannung.de\/?page_id=104","title":{"rendered":"Phantasiereisen"},"content":{"rendered":"<p>Phantasiereisen sind &#8222;Reisen nach innen&#8220; &#8211; und damit au\u00dfergew\u00f6hnliche <a href=\"https:\/\/www.my-entspannung.de\/wordpress\/wp-content\/uploads\/2012\/10\/IMG_3694-LR-570x855.jpg\"><img loading=\"lazy\" decoding=\"async\" class=\"alignright size-medium wp-image-445\" src=\"https:\/\/www.my-entspannung.de\/wordpress\/wp-content\/uploads\/2012\/10\/IMG_3694-LR-570x855-200x300.jpg\" alt=\"IMG_3694-LR-570x855\" width=\"200\" height=\"300\" srcset=\"https:\/\/www.my-entspannung.de\/wordpress\/wp-content\/uploads\/2012\/10\/IMG_3694-LR-570x855-200x300.jpg 200w, https:\/\/www.my-entspannung.de\/wordpress\/wp-content\/uploads\/2012\/10\/IMG_3694-LR-570x855.jpg 570w\" sizes=\"auto, (max-width: 200px) 100vw, 200px\" \/><\/a>Erlebnisse.Phantasiereisen sind Texte zum Vorlesen bzw. Anh\u00f6ren, die Entspannung, positive Gedanken und Gef\u00fchle vermitteln. Au\u00dferdem f\u00f6rdern sie Phantasie und Kreativit\u00e4t und helfen dabei, Stress abzubauen und das innere Gleichgewicht wiederherzustellen.<\/p>\n<p>Phantasiereisen sind auch sehr gut zur Entspannung von Kindern geeignet.<\/p>\n","protected":false},"excerpt":{"rendered":"<p>Phantasiereisen sind &#8222;Reisen nach innen&#8220; &#8211; und damit au\u00dfergew\u00f6hnliche Erlebnisse.Phantasiereisen sind Texte zum Vorlesen bzw. Anh\u00f6ren, die Entspannung, positive Gedanken und Gef\u00fchle vermitteln. Au\u00dferdem f\u00f6rdern sie Phantasie und Kreativit\u00e4t und helfen dabei, Stress abzubauen und das innere Gleichgewicht wiederherzustellen. Phantasiereisen &hellip; <a href=\"https:\/\/www.my-entspannung.de\/?page_id=104\">Weiterlesen <span class=\"meta-nav\">&rarr;<\/span><\/a><\/p>\n","protected":false},"author":1,"featured_media":0,"parent":70,"menu_order":0,"comment_status":"closed","ping_status":"closed","template":"sidebar-page.php","meta":{"footnotes":""},"class_list":["post-104","page","type-page","status-publish","hentry"],"aioseo_notices":[],"_links":{"self":[{"href":"https:\/\/www.my-entspannung.de\/index.php?rest_route=\/wp\/v2\/pages\/104","targetHints":{"allow":["GET"]}}],"collection":[{"href":"https:\/\/www.my-entspannung.de\/index.php?rest_route=\/wp\/v2\/pages"}],"about":[{"href":"https:\/\/www.my-entspannung.de\/index.php?rest_route=\/wp\/v2\/types\/page"}],"author":[{"embeddable":true,"href":"https:\/\/www.my-entspannung.de\/index.php?rest_route=\/wp\/v2\/users\/1"}],"replies":[{"embeddable":true,"href":"https:\/\/www.my-entspannung.de\/index.php?rest_route=%2Fwp%2Fv2%2Fcomments&post=104"}],"version-history":[{"count":13,"href":"https:\/\/www.my-entspannung.de\/index.php?rest_route=\/wp\/v2\/pages\/104\/revisions"}],"predecessor-version":[{"id":449,"href":"https:\/\/www.my-entspannung.de\/index.php?rest_route=\/wp\/v2\/pages\/104\/revisions\/449"}],"up":[{"embeddable":true,"href":"https:\/\/www.my-entspannung.de\/index.php?rest_route=\/wp\/v2\/pages\/70"}],"wp:attachment":[{"href":"https:\/\/www.my-entspannung.de\/index.php?rest_route=%2Fwp%2Fv2%2Fmedia&parent=104"}],"curies":[{"name":"wp","href":"https:\/\/api.w.org\/{rel}","templated":true}]}}